{"id":19639,"date":"2025-01-09T11:37:49","date_gmt":"2025-01-09T10:37:49","guid":{"rendered":"https:\/\/domainedupresemele.fr\/?page_id=19639"},"modified":"2025-07-22T09:07:19","modified_gmt":"2025-07-22T07:07:19","slug":"mentionslegales","status":"publish","type":"page","link":"http:\/\/domainedupresemele.fr\/en\/mentionslegales\/","title":{"rendered":"Mentions L\u00e9gales"},"content":{"rendered":"<div data-elementor-type=\"wp-page\" data-elementor-id=\"19639\" class=\"elementor elementor-19639\">\n\t\t\t\t\t\t<section class=\"elementor-section elementor-top-section elementor-element elementor-element-18ed5406 elementor-section-boxed elementor-section-height-default elementor-section-height-default sc_fly_static\" data-id=\"18ed5406\" data-element_type=\"section\" data-e-type=\"section\" data-settings=\"{&quot;background_background&quot;:&quot;classic&quot;}\">\n\t\t\t\t\t\t<div class=\"elementor-container elementor-column-gap-extended\">\n\t\t\t\t\t<div class=\"elementor-column elementor-col-25 elementor-top-column elementor-element elementor-element-1ccf0232 sc_content_align_inherit sc_layouts_column_icons_position_left sc_fly_static\" data-id=\"1ccf0232\" data-element_type=\"column\" data-e-type=\"column\">\n\t\t\t<div class=\"elementor-widget-wrap\">\n\t\t\t\t\t\t\t<\/div>\n\t\t<\/div>\n\t\t\t\t<div class=\"elementor-column elementor-col-50 elementor-top-column elementor-element elementor-element-5d8f1c59 sc_content_align_inherit sc_layouts_column_icons_position_left sc_fly_static\" data-id=\"5d8f1c59\" data-element_type=\"column\" data-e-type=\"column\">\n\t\t\t<div class=\"elementor-widget-wrap elementor-element-populated\">\n\t\t\t\t\t\t<div class=\"elementor-element elementor-element-8068ab0 sc_height_huge sc_fly_static elementor-widget elementor-widget-spacer\" data-id=\"8068ab0\" data-element_type=\"widget\" data-e-type=\"widget\" data-widget_type=\"spacer.default\">\n\t\t\t\t<div class=\"elementor-widget-container\">\n\t\t\t\t\t\t\t<div class=\"elementor-spacer\">\n\t\t\t<div class=\"elementor-spacer-inner\"><\/div>\n\t\t<\/div>\n\t\t\t\t\t\t<\/div>\n\t\t\t\t<\/div>\n\t\t\t\t<div class=\"elementor-element elementor-element-690bebe sc_fly_static elementor-widget elementor-widget-trx_sc_title\" data-id=\"690bebe\" data-element_type=\"widget\" data-e-type=\"widget\" data-widget_type=\"trx_sc_title.default\">\n\t\t\t\t<div class=\"elementor-widget-container\">\n\t\t\t\t\t<div\t\tclass=\"sc_title color_style_link2 sc_title_default\" ><span class=\"sc_item_subtitle sc_title_subtitle sc_align_center sc_item_subtitle_above sc_item_title_style_default\">website<\/span><h1 class=\"sc_item_title sc_title_title sc_align_center sc_item_title_style_default sc_item_title_tag\"\n\t\t\t><span class=\"sc_item_title_text\">Pr\u00e9sentation<\/span><\/h1><\/div>\t\t\t\t<\/div>\n\t\t\t\t<\/div>\n\t\t\t\t<div class=\"elementor-element elementor-element-ea81fc3 sc_height_huge sc_fly_static elementor-widget elementor-widget-spacer\" data-id=\"ea81fc3\" data-element_type=\"widget\" data-e-type=\"widget\" data-widget_type=\"spacer.default\">\n\t\t\t\t<div class=\"elementor-widget-container\">\n\t\t\t\t\t\t\t<div class=\"elementor-spacer\">\n\t\t\t<div class=\"elementor-spacer-inner\"><\/div>\n\t\t<\/div>\n\t\t\t\t\t\t<\/div>\n\t\t\t\t<\/div>\n\t\t\t\t<div class=\"elementor-element elementor-element-fb60388 sc_fly_static elementor-widget elementor-widget-text-editor\" data-id=\"fb60388\" data-element_type=\"widget\" data-e-type=\"widget\" data-widget_type=\"text-editor.default\">\n\t\t\t\t<div class=\"elementor-widget-container\">\n\t\t\t\t\t\t\t\t\t<p class=\"translation-block\">Pursuant to Article 6 of Law No. 2004-575 of June 21, 2004, on confidence in the digital economy, users of the website www.domainedupresemele.fr are hereby informed of the identity of the various parties involved in its creation and maintenance:<\/p><p>Owner: SCEV JULIEN ET CLEMENT RAIMBAULT \u2013 SIRET 34816922800015 \u2013 LD MAIMBRAY, 18300 SURY-EN-VAUX<\/p><p class=\"translation-block\">Publication Manager: Solenne Raimbault \u2013 sancerre@domainedupresemele.fr<\/p><p>Webmaster : Solenne Raimbault \u2013 <a href=\"mailto:%73%61%6ec%65%72%72e@domainedup%72%65seme%6ce%2e%66%72\">sancerre@domainedupresemele.fr<\/a>. <br \/>The publication manager is a natural person.<\/p><p>Photos : <br \/>@Dana Tantea<br \/>@Pierre Merat<br \/>@Dronivity<\/p><p><strong>Hosting:<\/strong><\/p><p>The Site is hosted by the company: INFOMANIAK NETWORK SA<\/p><p>Les Acacias, Geneva, Switzerland<\/p><p>T\u00e9l. : +41 22 820 35 44<\/p><p>Fax : +41 22 301 67 69<\/p><p>Email : <a href=\"mailto:contact@infomaniak.ch\">contact@infomaniak.ch<\/a><\/p><p>Website <a href=\"http:\/\/www.infomaniak.ch\">www.infomaniak.ch<\/a><\/p><p><!-- notionvc: 1b80b158-9433-4475-bfed-588a37d01a41 --><\/p>\t\t\t\t\t\t\t\t<\/div>\n\t\t\t\t<\/div>\n\t\t\t\t<div class=\"elementor-element elementor-element-86fd177 sc_height_huge sc_fly_static elementor-widget elementor-widget-spacer\" data-id=\"86fd177\" data-element_type=\"widget\" data-e-type=\"widget\" data-widget_type=\"spacer.default\">\n\t\t\t\t<div class=\"elementor-widget-container\">\n\t\t\t\t\t\t\t<div class=\"elementor-spacer\">\n\t\t\t<div class=\"elementor-spacer-inner\"><\/div>\n\t\t<\/div>\n\t\t\t\t\t\t<\/div>\n\t\t\t\t<\/div>\n\t\t\t\t<div class=\"elementor-element elementor-element-42b2b08 sc_fly_static elementor-widget elementor-widget-trx_sc_title\" data-id=\"42b2b08\" data-element_type=\"widget\" data-e-type=\"widget\" data-widget_type=\"trx_sc_title.default\">\n\t\t\t\t<div class=\"elementor-widget-container\">\n\t\t\t\t\t<div\t\tclass=\"sc_title color_style_link2 sc_title_default\" ><h1 class=\"sc_item_title sc_title_title sc_align_center sc_item_title_style_default sc_item_title_tag\"\n\t\t\t><span class=\"sc_item_title_text\">Respect for Intellectual Property<\/span><\/h1><\/div>\t\t\t\t<\/div>\n\t\t\t\t<\/div>\n\t\t\t\t<div class=\"elementor-element elementor-element-0abba15 sc_height_huge sc_fly_static elementor-widget elementor-widget-spacer\" data-id=\"0abba15\" data-element_type=\"widget\" data-e-type=\"widget\" data-widget_type=\"spacer.default\">\n\t\t\t\t<div class=\"elementor-widget-container\">\n\t\t\t\t\t\t\t<div class=\"elementor-spacer\">\n\t\t\t<div class=\"elementor-spacer-inner\"><\/div>\n\t\t<\/div>\n\t\t\t\t\t\t<\/div>\n\t\t\t\t<\/div>\n\t\t\t\t<div class=\"elementor-element elementor-element-640e688 sc_fly_static elementor-widget elementor-widget-text-editor\" data-id=\"640e688\" data-element_type=\"widget\" data-e-type=\"widget\" data-widget_type=\"text-editor.default\">\n\t\t\t\t<div class=\"elementor-widget-container\">\n\t\t\t\t\t\t\t\t\t<p>All trademarks, photographs, texts, comments, illustrations, images (animated or not), video sequences, sounds, as well as all computer applications that may be used to operate the Site, and more generally all elements reproduced or used on the Site, are protected by applicable intellectual property laws.<\/p><p>They are the full and complete property of the Publisher or its partners, unless otherwise stated. Any reproduction, representation, use, or adaptation, in any form whatsoever, of all or part of these elements, including computer applications, without the prior written consent of the Publisher, is strictly prohibited. The Publisher's failure to initiate legal proceedings upon becoming aware of such unauthorized uses does not constitute acceptance of such uses or waiver of prosecution.<\/p><p>Only use for private purposes within a family circle is authorized; any other use constitutes counterfeiting and\/or infringement of related rights, punishable under the Intellectual Property Code. The reproduction of all or part of this content requires the prior authorization of the Publisher or the rights holder to this content.<\/p>\t\t\t\t\t\t\t\t<\/div>\n\t\t\t\t<\/div>\n\t\t\t\t<div class=\"elementor-element elementor-element-6f8b305 sc_height_huge sc_fly_static elementor-widget elementor-widget-spacer\" data-id=\"6f8b305\" data-element_type=\"widget\" data-e-type=\"widget\" data-widget_type=\"spacer.default\">\n\t\t\t\t<div class=\"elementor-widget-container\">\n\t\t\t\t\t\t\t<div class=\"elementor-spacer\">\n\t\t\t<div class=\"elementor-spacer-inner\"><\/div>\n\t\t<\/div>\n\t\t\t\t\t\t<\/div>\n\t\t\t\t<\/div>\n\t\t\t\t<div class=\"elementor-element elementor-element-60843b7 sc_fly_static elementor-widget elementor-widget-trx_sc_title\" data-id=\"60843b7\" data-element_type=\"widget\" data-e-type=\"widget\" data-widget_type=\"trx_sc_title.default\">\n\t\t\t\t<div class=\"elementor-widget-container\">\n\t\t\t\t\t<div\t\tclass=\"sc_title color_style_link2 sc_title_default\" ><h1 class=\"sc_item_title sc_title_title sc_align_center sc_item_title_style_default sc_item_title_tag\"\n\t\t\t><span class=\"sc_item_title_text\">Hyperlinks<\/span><\/h1><\/div>\t\t\t\t<\/div>\n\t\t\t\t<\/div>\n\t\t\t\t<div class=\"elementor-element elementor-element-52cceb6 sc_height_huge sc_fly_static elementor-widget elementor-widget-spacer\" data-id=\"52cceb6\" data-element_type=\"widget\" data-e-type=\"widget\" data-widget_type=\"spacer.default\">\n\t\t\t\t<div class=\"elementor-widget-container\">\n\t\t\t\t\t\t\t<div class=\"elementor-spacer\">\n\t\t\t<div class=\"elementor-spacer-inner\"><\/div>\n\t\t<\/div>\n\t\t\t\t\t\t<\/div>\n\t\t\t\t<\/div>\n\t\t\t\t<div class=\"elementor-element elementor-element-2f2a56e sc_fly_static elementor-widget elementor-widget-text-editor\" data-id=\"2f2a56e\" data-element_type=\"widget\" data-e-type=\"widget\" data-widget_type=\"text-editor.default\">\n\t\t\t\t<div class=\"elementor-widget-container\">\n\t\t\t\t\t\t\t\t\t<p>The Site may contain hyperlinks providing access to other websites published and managed by third parties and not by the Publisher. The Publisher cannot be held directly or indirectly liable in the event that said third-party sites fail to comply with legal provisions.<\/p>\t\t\t\t\t\t\t\t<\/div>\n\t\t\t\t<\/div>\n\t\t\t\t<div class=\"elementor-element elementor-element-d414919 sc_height_huge sc_fly_static elementor-widget elementor-widget-spacer\" data-id=\"d414919\" data-element_type=\"widget\" data-e-type=\"widget\" data-widget_type=\"spacer.default\">\n\t\t\t\t<div class=\"elementor-widget-container\">\n\t\t\t\t\t\t\t<div class=\"elementor-spacer\">\n\t\t\t<div class=\"elementor-spacer-inner\"><\/div>\n\t\t<\/div>\n\t\t\t\t\t\t<\/div>\n\t\t\t\t<\/div>\n\t\t\t\t\t<\/div>\n\t\t<\/div>\n\t\t\t\t<div class=\"elementor-column elementor-col-25 elementor-top-column elementor-element elementor-element-396a7969 sc_content_align_inherit sc_layouts_column_icons_position_left sc_fly_static\" data-id=\"396a7969\" data-element_type=\"column\" data-e-type=\"column\">\n\t\t\t<div class=\"elementor-widget-wrap\">\n\t\t\t\t\t\t\t<\/div>\n\t\t<\/div>\n\t\t\t\t\t<\/div>\n\t\t<\/section>\n\t\t\t\t<\/div>","protected":false},"excerpt":{"rendered":"<p>site internet Pr\u00e9sentation En vertu de l\u2019article 6 de la loi n\u00b0 2004-575 du 21 juin 2004 pour la confiance dans l\u2019\u00e9conomie num\u00e9rique, il est pr\u00e9cis\u00e9 aux utilisateurs du site&hellip;<\/p>","protected":false},"author":3,"featured_media":0,"parent":0,"menu_order":0,"comment_status":"closed","ping_status":"closed","template":"","meta":{"footnotes":""},"class_list":["post-19639","page","type-page","status-publish","hentry"],"yoast_head":"<!-- This site is optimized with the Yoast SEO plugin v27.5 - https:\/\/yoast.com\/product\/yoast-seo-wordpress\/ -->\n<title>Mentions L\u00e9gales - Domaine du Pr\u00e9 Semel\u00e9<\/title>\n<meta name=\"robots\" content=\"index, follow, max-snippet:-1, max-image-preview:large, max-video-preview:-1\" \/>\n<link rel=\"canonical\" href=\"http:\/\/domainedupresemele.fr\/en\/mentionslegales\/\" \/>\n<meta property=\"og:locale\" content=\"en_GB\" \/>\n<meta property=\"og:type\" content=\"article\" \/>\n<meta property=\"og:title\" content=\"Mentions L\u00e9gales - Domaine du Pr\u00e9 Semel\u00e9\" \/>\n<meta property=\"og:description\" content=\"site internet Pr\u00e9sentation En vertu de l\u2019article 6 de la loi n\u00b0 2004-575 du 21 juin 2004 pour la confiance dans l\u2019\u00e9conomie num\u00e9rique, il est pr\u00e9cis\u00e9 aux utilisateurs du site&hellip;\" \/>\n<meta property=\"og:url\" content=\"http:\/\/domainedupresemele.fr\/en\/mentionslegales\/\" \/>\n<meta property=\"og:site_name\" content=\"Domaine du Pr\u00e9 Semel\u00e9\" \/>\n<meta property=\"article:modified_time\" content=\"2025-07-22T07:07:19+00:00\" \/>\n<meta name=\"twitter:card\" content=\"summary_large_image\" \/>\n<meta name=\"twitter:label1\" content=\"Estimated reading time\" \/>\n\t<meta name=\"twitter:data1\" content=\"2 minutes\" \/>\n<script type=\"application\/ld+json\" class=\"yoast-schema-graph\">{\"@context\":\"https:\\\/\\\/schema.org\",\"@graph\":[{\"@type\":\"WebPage\",\"@id\":\"http:\\\/\\\/domainedupresemele.fr\\\/mentionslegales\\\/\",\"url\":\"http:\\\/\\\/domainedupresemele.fr\\\/mentionslegales\\\/\",\"name\":\"Mentions L\u00e9gales - Domaine du Pr\u00e9 Semel\u00e9\",\"isPartOf\":{\"@id\":\"http:\\\/\\\/domainedupresemele.fr\\\/#website\"},\"datePublished\":\"2025-01-09T10:37:49+00:00\",\"dateModified\":\"2025-07-22T07:07:19+00:00\",\"breadcrumb\":{\"@id\":\"http:\\\/\\\/domainedupresemele.fr\\\/mentionslegales\\\/#breadcrumb\"},\"inLanguage\":\"en-GB\",\"potentialAction\":[{\"@type\":\"ReadAction\",\"target\":[\"http:\\\/\\\/domainedupresemele.fr\\\/mentionslegales\\\/\"]}]},{\"@type\":\"BreadcrumbList\",\"@id\":\"http:\\\/\\\/domainedupresemele.fr\\\/mentionslegales\\\/#breadcrumb\",\"itemListElement\":[{\"@type\":\"ListItem\",\"position\":1,\"name\":\"Accueil\",\"item\":\"http:\\\/\\\/domainedupresemele.fr\\\/\"},{\"@type\":\"ListItem\",\"position\":2,\"name\":\"Mentions L\u00e9gales\"}]},{\"@type\":\"WebSite\",\"@id\":\"http:\\\/\\\/domainedupresemele.fr\\\/#website\",\"url\":\"http:\\\/\\\/domainedupresemele.fr\\\/\",\"name\":\"Domaine du Pr\u00e9 Semel\u00e9\",\"description\":\"Julien &amp; Cl\u00e9ment Raimbault - Vins de Sancerre\",\"publisher\":{\"@id\":\"http:\\\/\\\/domainedupresemele.fr\\\/#organization\"},\"potentialAction\":[{\"@type\":\"SearchAction\",\"target\":{\"@type\":\"EntryPoint\",\"urlTemplate\":\"http:\\\/\\\/domainedupresemele.fr\\\/?s={search_term_string}\"},\"query-input\":{\"@type\":\"PropertyValueSpecification\",\"valueRequired\":true,\"valueName\":\"search_term_string\"}}],\"inLanguage\":\"en-GB\"},{\"@type\":\"Organization\",\"@id\":\"http:\\\/\\\/domainedupresemele.fr\\\/#organization\",\"name\":\"Domaine du Pr\u00e9 Semel\u00e9\",\"url\":\"http:\\\/\\\/domainedupresemele.fr\\\/\",\"logo\":{\"@type\":\"ImageObject\",\"inLanguage\":\"en-GB\",\"@id\":\"http:\\\/\\\/domainedupresemele.fr\\\/#\\\/schema\\\/logo\\\/image\\\/\",\"url\":\"http:\\\/\\\/domainedupresemele.fr\\\/wp-content\\\/uploads\\\/2020\\\/05\\\/domaine-du-pre-semele-variations_Domaine-du-Pre-Semele-deux-lignes-noir-scaled.webp\",\"contentUrl\":\"http:\\\/\\\/domainedupresemele.fr\\\/wp-content\\\/uploads\\\/2020\\\/05\\\/domaine-du-pre-semele-variations_Domaine-du-Pre-Semele-deux-lignes-noir-scaled.webp\",\"width\":2560,\"height\":852,\"caption\":\"Domaine du Pr\u00e9 Semel\u00e9\"},\"image\":{\"@id\":\"http:\\\/\\\/domainedupresemele.fr\\\/#\\\/schema\\\/logo\\\/image\\\/\"}}]}<\/script>\n<!-- \/ Yoast SEO plugin. -->","yoast_head_json":{"title":"Mentions L\u00e9gales - Domaine du Pr\u00e9 Semel\u00e9","robots":{"index":"index","follow":"follow","max-snippet":"max-snippet:-1","max-image-preview":"max-image-preview:large","max-video-preview":"max-video-preview:-1"},"canonical":"http:\/\/domainedupresemele.fr\/en\/mentionslegales\/","og_locale":"en_GB","og_type":"article","og_title":"Mentions L\u00e9gales - Domaine du Pr\u00e9 Semel\u00e9","og_description":"site internet Pr\u00e9sentation En vertu de l\u2019article 6 de la loi n\u00b0 2004-575 du 21 juin 2004 pour la confiance dans l\u2019\u00e9conomie num\u00e9rique, il est pr\u00e9cis\u00e9 aux utilisateurs du site&hellip;","og_url":"http:\/\/domainedupresemele.fr\/en\/mentionslegales\/","og_site_name":"Domaine du Pr\u00e9 Semel\u00e9","article_modified_time":"2025-07-22T07:07:19+00:00","twitter_card":"summary_large_image","twitter_misc":{"Estimated reading time":"2 minutes"},"schema":{"@context":"https:\/\/schema.org","@graph":[{"@type":"WebPage","@id":"http:\/\/domainedupresemele.fr\/mentionslegales\/","url":"http:\/\/domainedupresemele.fr\/mentionslegales\/","name":"Mentions L\u00e9gales - Domaine du Pr\u00e9 Semel\u00e9","isPartOf":{"@id":"http:\/\/domainedupresemele.fr\/#website"},"datePublished":"2025-01-09T10:37:49+00:00","dateModified":"2025-07-22T07:07:19+00:00","breadcrumb":{"@id":"http:\/\/domainedupresemele.fr\/mentionslegales\/#breadcrumb"},"inLanguage":"en-GB","potentialAction":[{"@type":"ReadAction","target":["http:\/\/domainedupresemele.fr\/mentionslegales\/"]}]},{"@type":"BreadcrumbList","@id":"http:\/\/domainedupresemele.fr\/mentionslegales\/#breadcrumb","itemListElement":[{"@type":"ListItem","position":1,"name":"Accueil","item":"http:\/\/domainedupresemele.fr\/"},{"@type":"ListItem","position":2,"name":"Mentions L\u00e9gales"}]},{"@type":"WebSite","@id":"http:\/\/domainedupresemele.fr\/#website","url":"http:\/\/domainedupresemele.fr\/","name":"Domaine du Pr\u00e9 Semel\u00e9","description":"Julien &amp; Cl\u00e9ment Raimbault - Vins de Sancerre","publisher":{"@id":"http:\/\/domainedupresemele.fr\/#organization"},"potentialAction":[{"@type":"SearchAction","target":{"@type":"EntryPoint","urlTemplate":"http:\/\/domainedupresemele.fr\/?s={search_term_string}"},"query-input":{"@type":"PropertyValueSpecification","valueRequired":true,"valueName":"search_term_string"}}],"inLanguage":"en-GB"},{"@type":"Organization","@id":"http:\/\/domainedupresemele.fr\/#organization","name":"Domaine du Pr\u00e9 Semel\u00e9","url":"http:\/\/domainedupresemele.fr\/","logo":{"@type":"ImageObject","inLanguage":"en-GB","@id":"http:\/\/domainedupresemele.fr\/#\/schema\/logo\/image\/","url":"http:\/\/domainedupresemele.fr\/wp-content\/uploads\/2020\/05\/domaine-du-pre-semele-variations_Domaine-du-Pre-Semele-deux-lignes-noir-scaled.webp","contentUrl":"http:\/\/domainedupresemele.fr\/wp-content\/uploads\/2020\/05\/domaine-du-pre-semele-variations_Domaine-du-Pre-Semele-deux-lignes-noir-scaled.webp","width":2560,"height":852,"caption":"Domaine du Pr\u00e9 Semel\u00e9"},"image":{"@id":"http:\/\/domainedupresemele.fr\/#\/schema\/logo\/image\/"}}]}},"_links":{"self":[{"href":"http:\/\/domainedupresemele.fr\/en\/wp-json\/wp\/v2\/pages\/19639","targetHints":{"allow":["GET"]}}],"collection":[{"href":"http:\/\/domainedupresemele.fr\/en\/wp-json\/wp\/v2\/pages"}],"about":[{"href":"http:\/\/domainedupresemele.fr\/en\/wp-json\/wp\/v2\/types\/page"}],"author":[{"embeddable":true,"href":"http:\/\/domainedupresemele.fr\/en\/wp-json\/wp\/v2\/users\/3"}],"replies":[{"embeddable":true,"href":"http:\/\/domainedupresemele.fr\/en\/wp-json\/wp\/v2\/comments?post=19639"}],"version-history":[{"count":4,"href":"http:\/\/domainedupresemele.fr\/en\/wp-json\/wp\/v2\/pages\/19639\/revisions"}],"predecessor-version":[{"id":20445,"href":"http:\/\/domainedupresemele.fr\/en\/wp-json\/wp\/v2\/pages\/19639\/revisions\/20445"}],"wp:attachment":[{"href":"http:\/\/domainedupresemele.fr\/en\/wp-json\/wp\/v2\/media?parent=19639"}],"curies":[{"name":"wp","href":"https:\/\/api.w.org\/{rel}","templated":true}]}}